{"id":156,"date":"2016-03-20T20:08:41","date_gmt":"2016-03-20T19:08:41","guid":{"rendered":"http:\/\/188.166.4.106\/?page_id=156"},"modified":"2025-09-09T11:53:17","modified_gmt":"2025-09-09T09:53:17","slug":"angebote","status":"publish","type":"page","link":"https:\/\/frewein.eu\/index.php\/angebote\/","title":{"rendered":"Auftr\u00e4ge"},"content":{"rendered":"<p>Nach Kontaktaufnahme erhalten\u00a0Interessierte unverbindliche Auskunft zu Detailfragen (Preis|Rechnung, Lieferung, &#8230;).<br \/>\nIch nehme auch Auftr\u00e4ge entgegen und\u00a0lasse mich\u00a0liebend gerne\u00a0auf kreative Experimente ein.<br \/>\nDie Werke erhalten durch die enge Abstimmung mit den AuftraggeberInnen\u00a0ihre individuelle Note.<\/p>\n<p><b>Einige Auftragswerke kurz beschrieben:<\/b><\/p>\n<p>Die Katze einer Freundin wurde \u00fcberfahren. Im Bild &gt; Erinnerung an &#8220;MARONI&#8221;<\/p>\n<p><img loading=\"lazy\" class=\"alignnone  wp-image-2789\" src=\"https:\/\/frewein.eu\/wp-content\/uploads\/chill.jpg\" alt=\"\" width=\"551\" height=\"390\" \/><\/p>\n<p>Ein Flugzeug &gt; Eigenbau \ud83d\ude42 | 200&#215;80<\/p>\n<p><img loading=\"lazy\" class=\"alignnone size-full wp-image-2291\" src=\"https:\/\/frewein.eu\/wp-content\/uploads\/IMG_4501-1.jpg\" alt=\"\" width=\"3105\" height=\"1222\" \/><\/p>\n<p><strong>Cat Stevens<\/strong><em><br \/>\n<\/em>Albert Eigner\u00a0hat sich \u00fcber Jahre eingehend mit dem Leben und Werk der beiden Weltstars Cat Stevens und James Taylor befasst.<br \/>\n&#8220;Cat Stevens&#8221; in Acryl hat nun seinen Platz beim <a href=\"http:\/\/alberteigner.at\/\">Musiker, Gitarristen und songwriter Albert Eigner<\/a> gefunden.<\/p>\n<p><img loading=\"lazy\" class=\"alignnone  wp-image-2485\" src=\"https:\/\/frewein.eu\/wp-content\/uploads\/IMG_7422.jpg\" alt=\"\" width=\"295\" height=\"296\" \/>\u00a0 zeitgleich mit seinem MG\u00a0 \u00a0<img loading=\"lazy\" class=\"alignnone wp-image-1745\" src=\"https:\/\/frewein.eu\/wp-content\/uploads\/MG-Eigner-295x300.jpg\" alt=\"\" width=\"290\" height=\"295\" \/><\/p>\n<p><strong>FAMILIE im BILD<\/strong><br \/>\nEine erf\u00fcllende, herzliche Aktion \/ Originale Kinderzeichnungen auf Keilrahmen \u00fcbertragen, Familie beteiligt sich im Finale&#8230;<br \/>\nEin Familienbild, welches erweitert werden kann und wahrscheinlich auf weitere Generationen \u00fcbergeht.<\/p>\n<p><img loading=\"lazy\" class=\"alignnone size-medium wp-image-1735\" src=\"https:\/\/frewein.eu\/wp-content\/uploads\/IMG_7830-300x225.jpg\" alt=\"\" width=\"300\" height=\"225\" srcset=\"https:\/\/frewein.eu\/wp-content\/uploads\/IMG_7830-300x225.jpg 300w, https:\/\/frewein.eu\/wp-content\/uploads\/IMG_7830-768x576.jpg 768w, https:\/\/frewein.eu\/wp-content\/uploads\/IMG_7830-1024x768.jpg 1024w\" sizes=\"(max-width: 300px) 100vw, 300px\" \/> <img loading=\"lazy\" class=\"alignnone size-medium wp-image-1736\" src=\"https:\/\/frewein.eu\/wp-content\/uploads\/IMG_7834-300x225.jpg\" alt=\"\" width=\"300\" height=\"225\" srcset=\"https:\/\/frewein.eu\/wp-content\/uploads\/IMG_7834-300x225.jpg 300w, https:\/\/frewein.eu\/wp-content\/uploads\/IMG_7834-768x576.jpg 768w, https:\/\/frewein.eu\/wp-content\/uploads\/IMG_7834-1024x768.jpg 1024w\" sizes=\"(max-width: 300px) 100vw, 300px\" \/><\/p>\n<p>Anna, eine begabte Praktikantin und gro\u00dfe K\u00fcnstlerin mit ihrem supercoolen Bild \ud83d\ude42<\/p>\n<p><img loading=\"lazy\" class=\"alignnone wp-image-1732\" src=\"https:\/\/frewein.eu\/wp-content\/uploads\/IMG_7823-300x300.jpg\" alt=\"\" width=\"254\" height=\"255\" srcset=\"https:\/\/frewein.eu\/wp-content\/uploads\/IMG_7823-300x300.jpg 300w, https:\/\/frewein.eu\/wp-content\/uploads\/IMG_7823-150x150.jpg 150w, https:\/\/frewein.eu\/wp-content\/uploads\/IMG_7823-80x80.jpg 80w\" sizes=\"(max-width: 254px) 100vw, 254px\" \/>\u00a0\u00a0<img loading=\"lazy\" class=\"alignnone wp-image-1731\" src=\"https:\/\/frewein.eu\/wp-content\/uploads\/IMG_7819-209x300.jpg\" alt=\"\" width=\"195\" height=\"286\" \/><\/p>\n<p><strong>Eine kleine, feine &#8220;Malexpedition&#8221;<\/strong> mit\u00a0jungen K\u00fcnstlerinnen und einer\u00a0der besten Lehrerinnen \ud83d\ude42<\/p>\n<p><img loading=\"lazy\" class=\"alignnone size-medium wp-image-1642\" src=\"https:\/\/frewein.eu\/wp-content\/uploads\/IMG_5787-225x300.jpg\" alt=\"\" width=\"225\" height=\"300\" srcset=\"https:\/\/frewein.eu\/wp-content\/uploads\/IMG_5787-225x300.jpg 225w, https:\/\/frewein.eu\/wp-content\/uploads\/IMG_5787-768x1022.jpg 768w, https:\/\/frewein.eu\/wp-content\/uploads\/IMG_5787-770x1024.jpg 770w\" sizes=\"(max-width: 225px) 100vw, 225px\" \/> <img loading=\"lazy\" class=\"alignnone size-medium wp-image-1641\" src=\"https:\/\/frewein.eu\/wp-content\/uploads\/IMG_5782-212x300.jpg\" alt=\"\" width=\"212\" height=\"300\" srcset=\"https:\/\/frewein.eu\/wp-content\/uploads\/IMG_5782-212x300.jpg 212w, https:\/\/frewein.eu\/wp-content\/uploads\/IMG_5782-768x1089.jpg 768w, https:\/\/frewein.eu\/wp-content\/uploads\/IMG_5782-722x1024.jpg 722w\" sizes=\"(max-width: 212px) 100vw, 212px\" \/> <img loading=\"lazy\" class=\"alignnone size-medium wp-image-1640\" src=\"https:\/\/frewein.eu\/wp-content\/uploads\/IMG_5781-219x300.jpg\" alt=\"\" width=\"219\" height=\"300\" srcset=\"https:\/\/frewein.eu\/wp-content\/uploads\/IMG_5781-219x300.jpg 219w, https:\/\/frewein.eu\/wp-content\/uploads\/IMG_5781-768x1051.jpg 768w, https:\/\/frewein.eu\/wp-content\/uploads\/IMG_5781-748x1024.jpg 748w\" sizes=\"(max-width: 219px) 100vw, 219px\" \/> <img loading=\"lazy\" class=\"alignnone size-medium wp-image-1639\" src=\"https:\/\/frewein.eu\/wp-content\/uploads\/IMG_5780-223x300.jpg\" alt=\"\" width=\"223\" height=\"300\" srcset=\"https:\/\/frewein.eu\/wp-content\/uploads\/IMG_5780-223x300.jpg 223w, https:\/\/frewein.eu\/wp-content\/uploads\/IMG_5780-768x1032.jpg 768w, https:\/\/frewein.eu\/wp-content\/uploads\/IMG_5780-762x1024.jpg 762w\" sizes=\"(max-width: 223px) 100vw, 223px\" \/><\/p>\n<p><strong><br \/>\n&#8220;Der K\u00f6nig der Affen&#8221; als CD Cover<\/strong> und am Konzert-Ank\u00fcnder | life is | <a href=\"http:\/\/www.soul.at\/\">http:\/\/www.soul.at\/<\/a><\/p>\n<p><img loading=\"lazy\" class=\"alignnone wp-image-1741\" src=\"https:\/\/frewein.eu\/wp-content\/uploads\/cd-front_life-is-300x270.jpg\" alt=\"\" width=\"273\" height=\"246\" srcset=\"https:\/\/frewein.eu\/wp-content\/uploads\/cd-front_life-is-300x270.jpg 300w, https:\/\/frewein.eu\/wp-content\/uploads\/cd-front_life-is.jpg 535w\" sizes=\"(max-width: 273px) 100vw, 273px\" \/>\u00a0\u00a0<img loading=\"lazy\" class=\"alignnone wp-image-1332\" src=\"https:\/\/frewein.eu\/wp-content\/uploads\/life-is-king-7-300x267.jpg\" alt=\"\" width=\"272\" height=\"243\" srcset=\"https:\/\/frewein.eu\/wp-content\/uploads\/life-is-king-7-300x267.jpg 300w, https:\/\/frewein.eu\/wp-content\/uploads\/life-is-king-7-768x685.jpg 768w, https:\/\/frewein.eu\/wp-content\/uploads\/life-is-king-7-1024x913.jpg 1024w, https:\/\/frewein.eu\/wp-content\/uploads\/life-is-king-7-180x160.jpg 180w, https:\/\/frewein.eu\/wp-content\/uploads\/life-is-king-7.jpg 1078w\" sizes=\"(max-width: 272px) 100vw, 272px\" \/>\u00a0 <img loading=\"lazy\" class=\"alignnone wp-image-1286\" src=\"https:\/\/frewein.eu\/wp-content\/uploads\/life-is_Plakatwand-300x226.jpg\" alt=\"\" width=\"323\" height=\"233\" \/><\/p>\n<p>Die Kleinen | Acrylmischtechnik\u00a0| Bildgr\u00f6\u00dfe: 10&#215;10 cm in wei\u00dfem\u00a0( zum Teil\u00a0schwarzem)\u00a0Rahmen | dekorativ in Reihe<br \/>\nRahmengr\u00f6\u00dfe\u00a025,5&#215;25,5 cm<\/p>\n<p><img loading=\"lazy\" class=\"alignnone size-medium wp-image-1065\" src=\"https:\/\/frewein.eu\/wp-content\/uploads\/IMG_8047-1-298x300.jpg\" alt=\"img_8047\" width=\"298\" height=\"300\" srcset=\"https:\/\/frewein.eu\/wp-content\/uploads\/IMG_8047-1-298x300.jpg 298w, https:\/\/frewein.eu\/wp-content\/uploads\/IMG_8047-1-150x150.jpg 150w, https:\/\/frewein.eu\/wp-content\/uploads\/IMG_8047-1-768x773.jpg 768w, https:\/\/frewein.eu\/wp-content\/uploads\/IMG_8047-1-1017x1024.jpg 1017w, https:\/\/frewein.eu\/wp-content\/uploads\/IMG_8047-1-80x80.jpg 80w\" sizes=\"(max-width: 298px) 100vw, 298px\" \/>\u00a0\u00a0\u00a0\u00a0\u00a0\u00a0 <img loading=\"lazy\" class=\"alignnone size-medium wp-image-1066\" src=\"https:\/\/frewein.eu\/wp-content\/uploads\/IMG_8048-1-297x300.jpg\" alt=\"img_8048\" width=\"297\" height=\"300\" srcset=\"https:\/\/frewein.eu\/wp-content\/uploads\/IMG_8048-1-297x300.jpg 297w, https:\/\/frewein.eu\/wp-content\/uploads\/IMG_8048-1-768x776.jpg 768w, https:\/\/frewein.eu\/wp-content\/uploads\/IMG_8048-1-1013x1024.jpg 1013w, https:\/\/frewein.eu\/wp-content\/uploads\/IMG_8048-1-80x80.jpg 80w\" sizes=\"(max-width: 297px) 100vw, 297px\" \/>\u00a0\u00a0\u00a0\u00a0\u00a0 \u00a0 <img loading=\"lazy\" class=\"alignnone size-medium wp-image-1068\" src=\"https:\/\/frewein.eu\/wp-content\/uploads\/IMG_8052-1-298x300.jpg\" alt=\"img_8052\" width=\"298\" height=\"300\" srcset=\"https:\/\/frewein.eu\/wp-content\/uploads\/IMG_8052-1-298x300.jpg 298w, https:\/\/frewein.eu\/wp-content\/uploads\/IMG_8052-1-150x150.jpg 150w, https:\/\/frewein.eu\/wp-content\/uploads\/IMG_8052-1-768x773.jpg 768w, https:\/\/frewein.eu\/wp-content\/uploads\/IMG_8052-1-1017x1024.jpg 1017w, https:\/\/frewein.eu\/wp-content\/uploads\/IMG_8052-1-80x80.jpg 80w\" sizes=\"(max-width: 298px) 100vw, 298px\" \/><\/p>\n<p>Der Hund eines Kollegen<\/p>\n<p><img loading=\"lazy\" class=\"alignnone size-medium wp-image-1636\" src=\"https:\/\/frewein.eu\/wp-content\/uploads\/IMG_5206-229x300.jpg\" alt=\"\" width=\"229\" height=\"300\" srcset=\"https:\/\/frewein.eu\/wp-content\/uploads\/IMG_5206-229x300.jpg 229w, https:\/\/frewein.eu\/wp-content\/uploads\/IMG_5206-768x1005.jpg 768w, https:\/\/frewein.eu\/wp-content\/uploads\/IMG_5206-782x1024.jpg 782w\" sizes=\"(max-width: 229px) 100vw, 229px\" \/>\u00a0 <img loading=\"lazy\" class=\"alignnone size-medium wp-image-1605\" src=\"https:\/\/frewein.eu\/wp-content\/uploads\/IMG_5215-183x300.jpg\" alt=\"\" width=\"183\" height=\"300\" srcset=\"https:\/\/frewein.eu\/wp-content\/uploads\/IMG_5215-183x300.jpg 183w, https:\/\/frewein.eu\/wp-content\/uploads\/IMG_5215-768x1260.jpg 768w, https:\/\/frewein.eu\/wp-content\/uploads\/IMG_5215-624x1024.jpg 624w, https:\/\/frewein.eu\/wp-content\/uploads\/IMG_5215.jpg 1907w\" sizes=\"(max-width: 183px) 100vw, 183px\" \/><\/p>\n<p>&#8220;Knicky&#8221; | Die Katze eines Freundes<\/p>\n<p><img loading=\"lazy\" class=\"alignnone size-medium wp-image-724\" src=\"https:\/\/frewein.eu\/wp-content\/uploads\/Knicky-300x209.jpg\" alt=\"Knicky\" width=\"300\" height=\"209\" srcset=\"https:\/\/frewein.eu\/wp-content\/uploads\/Knicky-300x209.jpg 300w, https:\/\/frewein.eu\/wp-content\/uploads\/Knicky-768x535.jpg 768w, https:\/\/frewein.eu\/wp-content\/uploads\/Knicky-1024x713.jpg 1024w, https:\/\/frewein.eu\/wp-content\/uploads\/Knicky.jpg 1591w\" sizes=\"(max-width: 300px) 100vw, 300px\" \/>\u00a0\u00a0 \u00a0 <img loading=\"lazy\" class=\"alignnone wp-image-736\" src=\"https:\/\/frewein.eu\/wp-content\/uploads\/Katzenbild-mit-Modell-300x255.jpg\" alt=\"Katzenbild mit Modell\" width=\"338\" height=\"288\" srcset=\"https:\/\/frewein.eu\/wp-content\/uploads\/Katzenbild-mit-Modell-300x255.jpg 300w, https:\/\/frewein.eu\/wp-content\/uploads\/Katzenbild-mit-Modell-768x654.jpg 768w, https:\/\/frewein.eu\/wp-content\/uploads\/Katzenbild-mit-Modell-1024x872.jpg 1024w, https:\/\/frewein.eu\/wp-content\/uploads\/Katzenbild-mit-Modell-295x250.jpg 295w, https:\/\/frewein.eu\/wp-content\/uploads\/Katzenbild-mit-Modell.jpg 1600w\" sizes=\"(max-width: 338px) 100vw, 338px\" \/><\/p>\n<p>Der Hund eines Kollegen<\/p>\n<p><img loading=\"lazy\" class=\"alignnone wp-image-727\" src=\"https:\/\/frewein.eu\/wp-content\/uploads\/Sept.-2015-Wandertag-Schule-016-1-300x245.jpg\" alt=\"Sept. 2015 Wandertag Schule 016\" width=\"365\" height=\"298\" srcset=\"https:\/\/frewein.eu\/wp-content\/uploads\/Sept.-2015-Wandertag-Schule-016-1-300x245.jpg 300w, https:\/\/frewein.eu\/wp-content\/uploads\/Sept.-2015-Wandertag-Schule-016-1-768x626.jpg 768w, https:\/\/frewein.eu\/wp-content\/uploads\/Sept.-2015-Wandertag-Schule-016-1-1024x835.jpg 1024w\" sizes=\"(max-width: 365px) 100vw, 365px\" \/>\u00a0\u00a0\u00a0 <img loading=\"lazy\" class=\"alignnone size-medium wp-image-728\" src=\"https:\/\/frewein.eu\/wp-content\/uploads\/dog-1-300x298.jpg\" alt=\"dog\" width=\"300\" height=\"298\" srcset=\"https:\/\/frewein.eu\/wp-content\/uploads\/dog-1-300x298.jpg 300w, https:\/\/frewein.eu\/wp-content\/uploads\/dog-1-150x150.jpg 150w, https:\/\/frewein.eu\/wp-content\/uploads\/dog-1-768x762.jpg 768w, https:\/\/frewein.eu\/wp-content\/uploads\/dog-1-1024x1017.jpg 1024w, https:\/\/frewein.eu\/wp-content\/uploads\/dog-1-80x80.jpg 80w, https:\/\/frewein.eu\/wp-content\/uploads\/dog-1.jpg 1381w\" sizes=\"(max-width: 300px) 100vw, 300px\" \/><\/p>\n<p>&#8220;Salzburg&#8221; | Ein Auftragswerk einer Salzburgerin, die in der Steiermark lebt<\/p>\n<p><img loading=\"lazy\" class=\"alignnone size-medium wp-image-1193\" src=\"https:\/\/frewein.eu\/wp-content\/uploads\/IMG_2947-2-197x300.jpg\" alt=\"\" width=\"197\" height=\"300\" srcset=\"https:\/\/frewein.eu\/wp-content\/uploads\/IMG_2947-2-197x300.jpg 197w, https:\/\/frewein.eu\/wp-content\/uploads\/IMG_2947-2-768x1170.jpg 768w, https:\/\/frewein.eu\/wp-content\/uploads\/IMG_2947-2-672x1024.jpg 672w, https:\/\/frewein.eu\/wp-content\/uploads\/IMG_2947-2-305x465.jpg 305w, https:\/\/frewein.eu\/wp-content\/uploads\/IMG_2947-2.jpg 1004w\" sizes=\"(max-width: 197px) 100vw, 197px\" \/>\u00a0\u00a0 <img loading=\"lazy\" class=\"alignnone size-medium wp-image-1194\" src=\"https:\/\/frewein.eu\/wp-content\/uploads\/IMG_2952-1-225x300.jpg\" alt=\"\" width=\"225\" height=\"300\" srcset=\"https:\/\/frewein.eu\/wp-content\/uploads\/IMG_2952-1-225x300.jpg 225w, https:\/\/frewein.eu\/wp-content\/uploads\/IMG_2952-1-768x1024.jpg 768w, https:\/\/frewein.eu\/wp-content\/uploads\/IMG_2952-1.jpg 1224w\" sizes=\"(max-width: 225px) 100vw, 225px\" \/>\u00a0\u00a0 <img loading=\"lazy\" class=\"alignnone size-medium wp-image-1200\" src=\"https:\/\/frewein.eu\/wp-content\/uploads\/IMG_2959-225x300.jpg\" alt=\"\" width=\"225\" height=\"300\" srcset=\"https:\/\/frewein.eu\/wp-content\/uploads\/IMG_2959-225x300.jpg 225w, https:\/\/frewein.eu\/wp-content\/uploads\/IMG_2959-768x1024.jpg 768w, https:\/\/frewein.eu\/wp-content\/uploads\/IMG_2959.jpg 1224w\" sizes=\"(max-width: 225px) 100vw, 225px\" \/><\/p>\n","protected":false},"excerpt":{"rendered":"<p>Nach Kontaktaufnahme erhalten\u00a0Interessierte unverbindliche Auskunft zu Detailfragen (Preis|Rechnung, Lieferung, &#8230;). Ich nehme auch Auftr\u00e4ge entgegen und\u00a0lasse mich\u00a0liebend gerne\u00a0auf kreative Experimente ein. Die Werke erhalten durch die enge Abstimmung mit den AuftraggeberInnen\u00a0ihre individuelle Note. Einige Auftragswerke kurz beschrieben: Die Katze einer Freundin wurde \u00fcberfahren. Im Bild &gt; Erinnerung an &#8220;MARONI&#8221; Ein Flugzeug &gt; Eigenbau \ud83d\ude42 | [&hellip;]<\/p>\n","protected":false},"author":2,"featured_media":0,"parent":0,"menu_order":0,"comment_status":"closed","ping_status":"closed","template":"","meta":[],"_links":{"self":[{"href":"https:\/\/frewein.eu\/index.php\/wp-json\/wp\/v2\/pages\/156"}],"collection":[{"href":"https:\/\/frewein.eu\/index.php\/wp-json\/wp\/v2\/pages"}],"about":[{"href":"https:\/\/frewein.eu\/index.php\/wp-json\/wp\/v2\/types\/page"}],"author":[{"embeddable":true,"href":"https:\/\/frewein.eu\/index.php\/wp-json\/wp\/v2\/users\/2"}],"replies":[{"embeddable":true,"href":"https:\/\/frewein.eu\/index.php\/wp-json\/wp\/v2\/comments?post=156"}],"version-history":[{"count":115,"href":"https:\/\/frewein.eu\/index.php\/wp-json\/wp\/v2\/pages\/156\/revisions"}],"predecessor-version":[{"id":3043,"href":"https:\/\/frewein.eu\/index.php\/wp-json\/wp\/v2\/pages\/156\/revisions\/3043"}],"wp:attachment":[{"href":"https:\/\/frewein.eu\/index.php\/wp-json\/wp\/v2\/media?parent=156"}],"curies":[{"name":"wp","href":"https:\/\/api.w.org\/{rel}","templated":true}]}}