{"id":139,"date":"2016-03-20T19:28:41","date_gmt":"2016-03-20T18:28:41","guid":{"rendered":"http:\/\/188.166.4.106\/?page_id=139"},"modified":"2026-02-19T15:40:04","modified_gmt":"2026-02-19T14:40:04","slug":"about-me","status":"publish","type":"page","link":"https:\/\/frewein.eu\/index.php\/about-me\/","title":{"rendered":"&#8230; \u00fcber mich"},"content":{"rendered":"<\/p>\n<p style=\"text-align: center;\">\u00a0 \u00a0 \u00a0\u00a0\u00a0 \u00a0\u00a0<img loading=\"lazy\" class=\"alignnone  wp-image-2849\" src=\"https:\/\/frewein.eu\/wp-content\/uploads\/2-7.jpg\" alt=\"\" width=\"211\" height=\"375\" \/>\u00a0 <img loading=\"lazy\" class=\"wp-image-3069 alignnone\" src=\"https:\/\/frewein.eu\/wp-content\/uploads\/V1.jpg\" alt=\"\" width=\"300\" height=\"373\" \/> \u00a0<img loading=\"lazy\" class=\"alignnone  wp-image-3115\" src=\"https:\/\/frewein.eu\/wp-content\/uploads\/0226_4.png\" alt=\"\" width=\"248\" height=\"373\" \/>\u00a0 \u00a0 \u00a0\u00a0<\/p>\n<p style=\"text-align: center;\"><strong>Atelier in Gratkorn \/ Steiermark<\/strong><br \/>Elementarp\u00e4dagogin, Fr\u00fchf\u00f6rderin, \u00fcber Jahre als Geb\u00e4rdensprachdolmetscherin aktiv, Dipl. Coach, Personalentwicklerin, Kommunikationstrainerin. <br \/>Bis zum 1.4.2023 leidenschaftlich in unterschiedlichen, spannenden Bereichen des Amtes der Steierm\u00e4rkischen Landesregierung t\u00e4tig. An dieser Stelle bedanke ich mich bei meinem Arbeitgeber und vielen wunderbaren KollegInnen f\u00fcr unz\u00e4hlige M\u00f6glichkeiten der pers\u00f6nlichen und fachlichen Weiterentwicklung.\u00a0<\/p>\n<p style=\"text-align: center;\">Als Autodidaktin habe ich mich \u00fcber Jahre mit der abstrakten Malerei und dem Experimentieren mit unterschiedlichsten Techniken besch\u00e4ftigt. Mit der Darstellung eines bunten Clowns erwachte mein Interesse am Malen von Portr\u00e4ts.<\/p>\n<p style=\"text-align: center;\">Inspiration und Unterst\u00fctzung finde ich innerhalb einer gro\u00dfen, sehr kreativen Familie und beim Bogenschie\u00dfen. Der stundenlange Aufenthalt im Wald mit FreundInnen, Pfeil und Bogen erdet und befl\u00fcgelt zugleich.\u00a0<\/p>\n<p style=\"text-align: center;\">Neben einer gro\u00dfartigen Tochter und einem vielseitigen Schwiegersohn bereichern zwei wunderbare, supers\u00fc\u00dfe Enkelkinder mein Leben. Mein Enkelsohn lebt mit der NOCH unheilbaren Krankheit <a href=\"https:\/\/www.debra-austria.org\/schmetterlingskinder\/\">Epidermolysis bullosa<\/a>. Ein Ereignis, das hoffnungsvoll-kreativen Einfluss auf unser Leben und auch meine Werke nimmt. Oftmals findet sich ein Schmetterling in meinen Bildern&#8230;<\/p>\n<p style=\"text-align: center;\"><strong>DANK<\/strong><br \/><strong>\u00a0<\/strong>Die Leidenschaft zur Malerei und die Entdeckung kreativer Potenziale verdanke ich haupts\u00e4chlich meiner Mutter. Ich habe sie \u00fcber viele Jahre begleitet,\u00a0eine Zeit in der ich mich auch\u00a0intensiv der Malerei zuwenden konnte.<br \/>F\u00fcr diese Bereicherung danke ich\u00a0ihr von ganzem Herzen.<\/p>\n<p style=\"text-align: center;\"><img loading=\"lazy\" class=\"alignnone  wp-image-2680\" src=\"https:\/\/frewein.eu\/wp-content\/uploads\/Meine-Mutter-1.jpg\" alt=\"\" width=\"345\" height=\"341\" \/>\u00a0 <img loading=\"lazy\" class=\"alignnone  wp-image-2678\" src=\"https:\/\/frewein.eu\/wp-content\/uploads\/IMG_1055.jpg\" alt=\"\" width=\"454\" height=\"341\" \/><\/p>\n<p>\u00a0<\/p><\/p>\n","protected":false},"excerpt":{"rendered":"<p>\u00a0 \u00a0 \u00a0\u00a0\u00a0 \u00a0\u00a0\u00a0 \u00a0\u00a0 \u00a0 \u00a0\u00a0 Atelier in Gratkorn \/ SteiermarkElementarp\u00e4dagogin, Fr\u00fchf\u00f6rderin, \u00fcber Jahre als Geb\u00e4rdensprachdolmetscherin aktiv, Dipl. Coach, Personalentwicklerin, Kommunikationstrainerin. Bis zum 1.4.2023 leidenschaftlich in unterschiedlichen, spannenden Bereichen des Amtes der Steierm\u00e4rkischen Landesregierung t\u00e4tig. An dieser Stelle bedanke ich mich bei meinem Arbeitgeber und vielen wunderbaren KollegInnen f\u00fcr unz\u00e4hlige M\u00f6glichkeiten der pers\u00f6nlichen und [&hellip;]<\/p>\n","protected":false},"author":2,"featured_media":0,"parent":0,"menu_order":0,"comment_status":"closed","ping_status":"closed","template":"","meta":[],"_links":{"self":[{"href":"https:\/\/frewein.eu\/index.php\/wp-json\/wp\/v2\/pages\/139"}],"collection":[{"href":"https:\/\/frewein.eu\/index.php\/wp-json\/wp\/v2\/pages"}],"about":[{"href":"https:\/\/frewein.eu\/index.php\/wp-json\/wp\/v2\/types\/page"}],"author":[{"embeddable":true,"href":"https:\/\/frewein.eu\/index.php\/wp-json\/wp\/v2\/users\/2"}],"replies":[{"embeddable":true,"href":"https:\/\/frewein.eu\/index.php\/wp-json\/wp\/v2\/comments?post=139"}],"version-history":[{"count":212,"href":"https:\/\/frewein.eu\/index.php\/wp-json\/wp\/v2\/pages\/139\/revisions"}],"predecessor-version":[{"id":3117,"href":"https:\/\/frewein.eu\/index.php\/wp-json\/wp\/v2\/pages\/139\/revisions\/3117"}],"wp:attachment":[{"href":"https:\/\/frewein.eu\/index.php\/wp-json\/wp\/v2\/media?parent=139"}],"curies":[{"name":"wp","href":"https:\/\/api.w.org\/{rel}","templated":true}]}}